{"id":57,"date":"2025-11-11T19:22:48","date_gmt":"2025-11-11T18:22:48","guid":{"rendered":"https:\/\/villacolibri.com\/?page_id=57"},"modified":"2025-11-11T19:30:00","modified_gmt":"2025-11-11T18:30:00","slug":"descriptif","status":"publish","type":"page","link":"https:\/\/villacolibri.com\/index.php\/descriptif\/","title":{"rendered":"Descriptif"},"content":{"rendered":"\n<p><strong>Rez-de-chauss\u00e9e :<\/strong><br>Entr\u00e9e<br>S\u00e9jour avec chemin\u00e9e (2 canap\u00e9s-lit)<br>Salle \u00e0 manger<br>Cuisine (Lave-linge, Micro-ondes, Plaques Vitroc\u00e9ramiques, Four, Frigidaire, Lave-vaisselle)<br>WC avec lave-mains<\/p>\n\n\n\n<p><strong>\u00c9tage :<\/strong><br>Chambre 1 : 1 lit de 140 cm (Placard \/ Penderie \/ Porte fen\u00eatre sur balcon)<br>Chambre 2 : 2 lits de 90 cm (Coin cabinet de toilette)<br>Chambre 3 : 2 lits superpos\u00e9s de 90 cm (Coin lavabo)<br>Salle de bains (Lavabo, Baignoire, Douche, Bidet)<\/p>\n\n\n\n<p><strong>Autres \u00e9quipements :<\/strong><br>Internet (Fibre)<br>Mobilier de jardin<br>Lit d\u2019enfant<br>T\u00e9l\u00e9vision<br>Chauffage \u00e9lectrique<br>Terrasse \/ Barbecue<br>Garage (partiellement occup\u00e9)<\/p>\n\n\n\n<p><\/p>\n\n\n\n<p><\/p>\n\n\n\n<p><\/p>\n","protected":false},"excerpt":{"rendered":"<p>Rez-de-chauss\u00e9e :Entr\u00e9eS\u00e9jour avec chemin\u00e9e (2 canap\u00e9s-lit)Salle \u00e0 mangerCuisine (Lave-linge, Micro-ondes, Plaques Vitroc\u00e9ramiques, Four, Frigidaire, Lave-vaisselle)WC avec lave-mains \u00c9tage :Chambre 1 : 1 lit de 140 cm (Placard \/ Penderie \/ Porte fen\u00eatre sur balcon)Chambre 2 : 2 lits de 90 cm (Coin cabinet de toilette)Chambre 3 : 2 lits superpos\u00e9s de 90 cm (Coin lavabo)Salle [&hellip;]<\/p>\n","protected":false},"author":1,"featured_media":0,"parent":0,"menu_order":0,"comment_status":"closed","ping_status":"closed","template":"","meta":{"footnotes":""},"class_list":["post-57","page","type-page","status-publish","hentry"],"_links":{"self":[{"href":"https:\/\/villacolibri.com\/index.php\/wp-json\/wp\/v2\/pages\/57","targetHints":{"allow":["GET"]}}],"collection":[{"href":"https:\/\/villacolibri.com\/index.php\/wp-json\/wp\/v2\/pages"}],"about":[{"href":"https:\/\/villacolibri.com\/index.php\/wp-json\/wp\/v2\/types\/page"}],"author":[{"embeddable":true,"href":"https:\/\/villacolibri.com\/index.php\/wp-json\/wp\/v2\/users\/1"}],"replies":[{"embeddable":true,"href":"https:\/\/villacolibri.com\/index.php\/wp-json\/wp\/v2\/comments?post=57"}],"version-history":[{"count":3,"href":"https:\/\/villacolibri.com\/index.php\/wp-json\/wp\/v2\/pages\/57\/revisions"}],"predecessor-version":[{"id":70,"href":"https:\/\/villacolibri.com\/index.php\/wp-json\/wp\/v2\/pages\/57\/revisions\/70"}],"wp:attachment":[{"href":"https:\/\/villacolibri.com\/index.php\/wp-json\/wp\/v2\/media?parent=57"}],"curies":[{"name":"wp","href":"https:\/\/api.w.org\/{rel}","templated":true}]}}